{"id":234,"date":"2020-02-21T16:08:52","date_gmt":"2020-02-21T15:08:52","guid":{"rendered":"http:\/\/flxbcli.cluster028.hosting.ovh.net\/index.php\/home\/"},"modified":"2023-05-11T10:18:37","modified_gmt":"2023-05-11T08:18:37","slug":"home","status":"publish","type":"page","link":"https:\/\/veterinairechampagne.com\/","title":{"rendered":"Bienvenue chez vos v\u00e9t\u00e9rinaires !"},"content":{"rendered":"\n<h2 class=\"wp-block-heading\"><a href=\"http:\/\/veterinairechampagne.com\/index.php\/champagne-au-mont-dor\/\">Clinique v\u00e9t\u00e9rinaire des Monts d\u2019Or<\/a><\/h2>\n\n\n\n<p>69410 Champagne-au-Mont-d\u2019Or <\/p>\n\n\n\n<h2 class=\"wp-block-heading\"><a href=\"http:\/\/veterinairechampagne.com\/index.php\/civrieux-dazergues\/\">Cabinet v\u00e9t\u00e9rinaire de la Vall\u00e9e d\u2019Azergues<\/a><\/h2>\n\n\n\n<p>69380 Civrieux-d\u2019Azergues <\/p>\n\n\n\n<p><\/p>\n","protected":false},"excerpt":{"rendered":"<p>Clinique v\u00e9t\u00e9rinaire des Monts d\u2019Or 69410 Champagne-au-Mont-d\u2019Or Cabinet v\u00e9t\u00e9rinaire de la Vall\u00e9e d\u2019Azergues 69380 Civrieux-d\u2019Azergues<\/p>\n","protected":false},"author":1,"featured_media":0,"parent":0,"menu_order":0,"comment_status":"closed","ping_status":"closed","template":"page-template\/home-page.php","meta":[],"_links":{"self":[{"href":"https:\/\/veterinairechampagne.com\/index.php?rest_route=\/wp\/v2\/pages\/234"}],"collection":[{"href":"https:\/\/veterinairechampagne.com\/index.php?rest_route=\/wp\/v2\/pages"}],"about":[{"href":"https:\/\/veterinairechampagne.com\/index.php?rest_route=\/wp\/v2\/types\/page"}],"author":[{"embeddable":true,"href":"https:\/\/veterinairechampagne.com\/index.php?rest_route=\/wp\/v2\/users\/1"}],"replies":[{"embeddable":true,"href":"https:\/\/veterinairechampagne.com\/index.php?rest_route=%2Fwp%2Fv2%2Fcomments&post=234"}],"version-history":[{"count":2,"href":"https:\/\/veterinairechampagne.com\/index.php?rest_route=\/wp\/v2\/pages\/234\/revisions"}],"predecessor-version":[{"id":970,"href":"https:\/\/veterinairechampagne.com\/index.php?rest_route=\/wp\/v2\/pages\/234\/revisions\/970"}],"wp:attachment":[{"href":"https:\/\/veterinairechampagne.com\/index.php?rest_route=%2Fwp%2Fv2%2Fmedia&parent=234"}],"curies":[{"name":"wp","href":"https:\/\/api.w.org\/{rel}","templated":true}]}}