{"id":536,"date":"2020-03-07T13:46:25","date_gmt":"2020-03-07T12:46:25","guid":{"rendered":"http:\/\/flxbcli.cluster028.hosting.ovh.net\/?page_id=536"},"modified":"2020-08-21T14:40:54","modified_gmt":"2020-08-21T12:40:54","slug":"civrieux-dazergues","status":"publish","type":"page","link":"https:\/\/veterinairechampagne.com\/?page_id=536","title":{"rendered":"Civrieux d\u2019Azergues"},"content":{"rendered":"\n<h2 class=\"wp-block-heading\">Cabinet V\u00e9t\u00e9rinaire de la Vall\u00e9e d\u2019Azergues<\/h2>\n\n\n\n<h4 class=\"wp-block-heading\">250 route de la Vall\u00e9e, 69380 Civrieux d\u2019Azergues<\/h4>\n\n\n\n<h4 class=\"wp-block-heading\">tel 0478434567<\/h4>\n\n\n\n<h2 class=\"wp-block-heading\">Un cabinet tr\u00e8s bien \u00e9quip\u00e9 et tr\u00e8s accessible accueille vos animaux, parking garanti !<\/h2>\n\n\n\n<p>Salle d\u2019attente confortable, dispositifs permettant de placer les chats en hauteur pour plus de s\u00e9r\u00e9nit\u00e9<\/p>\n\n\n\n<p>Espace accueil et nutrition (gammes Hill\u2019s, Purina, Royal Canin)<\/p>\n\n\n\n<p>Salle de consultation<\/p>\n\n\n\n<p>Salle de chirurgie<\/p>\n\n\n\n<p>Salle de radiographie \u00e0 d\u00e9veloppement num\u00e9rique<\/p>\n\n\n\n<p>Hospitalisation et analyseur biochimique Vetest<\/p>\n\n\n\n<ul class=\"tg_gallery_front row clearfix\"><li class=\"col-md-3 col-sm-6 col-6 p-0\">\n\t\t\t<a href=\"https:\/\/veterinairechampagne.com\/wp-content\/uploads\/2020\/01\/65F1EAB3-1226-4590-BBE8-79565A429B4C-scaled-1.jpeg\" rel=\"prettyPhoto[gallery_name]\" title=\"65F1EAB3-1226-4590-BBE8-79565A429B4C\"><img width=\"300\" height=\"225\" src=\"https:\/\/veterinairechampagne.com\/wp-content\/uploads\/2020\/01\/65F1EAB3-1226-4590-BBE8-79565A429B4C-scaled-1.jpeg\" class=\"attachment-gallery-image-medium size-gallery-image-medium\" alt=\"\" decoding=\"async\" loading=\"lazy\" srcset=\"https:\/\/veterinairechampagne.com\/wp-content\/uploads\/2020\/01\/65F1EAB3-1226-4590-BBE8-79565A429B4C-scaled-1.jpeg 2560w, https:\/\/veterinairechampagne.com\/wp-content\/uploads\/2020\/01\/65F1EAB3-1226-4590-BBE8-79565A429B4C-scaled-1-600x450.jpeg 600w, https:\/\/veterinairechampagne.com\/wp-content\/uploads\/2020\/01\/65F1EAB3-1226-4590-BBE8-79565A429B4C-scaled-1-300x225.jpeg 300w, https:\/\/veterinairechampagne.com\/wp-content\/uploads\/2020\/01\/65F1EAB3-1226-4590-BBE8-79565A429B4C-scaled-1-1024x768.jpeg 1024w, https:\/\/veterinairechampagne.com\/wp-content\/uploads\/2020\/01\/65F1EAB3-1226-4590-BBE8-79565A429B4C-scaled-1-768x576.jpeg 768w, https:\/\/veterinairechampagne.com\/wp-content\/uploads\/2020\/01\/65F1EAB3-1226-4590-BBE8-79565A429B4C-scaled-1-1536x1152.jpeg 1536w, https:\/\/veterinairechampagne.com\/wp-content\/uploads\/2020\/01\/65F1EAB3-1226-4590-BBE8-79565A429B4C-scaled-1-2048x1536.jpeg 2048w, https:\/\/veterinairechampagne.com\/wp-content\/uploads\/2020\/01\/65F1EAB3-1226-4590-BBE8-79565A429B4C-scaled-1-1568x1176.jpeg 1568w\" sizes=\"(max-width: 300px) 100vw, 300px\" \/><div class=\"icon_overlay\"><i class=\"fas fa-plus\"><\/i><\/div><\/a>\n\t\t\t<\/li><li class=\"col-md-3 col-sm-6 col-6 p-0\">\n\t\t\t<a href=\"https:\/\/veterinairechampagne.com\/wp-content\/uploads\/2020\/08\/8784A87A-5EF1-4510-AB0A-0F5682242F26.jpeg\" rel=\"prettyPhoto[gallery_name]\" title=\"Cabinet v\u00e9t\u00e9rinaire de la vall\u00e9e d\u2019Azergues\"><img width=\"300\" height=\"300\" src=\"https:\/\/veterinairechampagne.com\/wp-content\/uploads\/2020\/08\/8784A87A-5EF1-4510-AB0A-0F5682242F26-300x300.jpeg\" class=\"attachment-gallery-image-medium size-gallery-image-medium\" alt=\"\" decoding=\"async\" loading=\"lazy\" srcset=\"https:\/\/veterinairechampagne.com\/wp-content\/uploads\/2020\/08\/8784A87A-5EF1-4510-AB0A-0F5682242F26-300x300.jpeg 300w, https:\/\/veterinairechampagne.com\/wp-content\/uploads\/2020\/08\/8784A87A-5EF1-4510-AB0A-0F5682242F26-150x150.jpeg 150w, https:\/\/veterinairechampagne.com\/wp-content\/uploads\/2020\/08\/8784A87A-5EF1-4510-AB0A-0F5682242F26-100x100.jpeg 100w\" sizes=\"(max-width: 300px) 100vw, 300px\" \/><div class=\"icon_overlay\"><i class=\"fas fa-plus\"><\/i><\/div><\/a>\n\t\t\t<\/li><\/ul>\n","protected":false},"excerpt":{"rendered":"<p>Cabinet V\u00e9t\u00e9rinaire de la Vall\u00e9e d\u2019Azergues 250 route de la Vall\u00e9e, 69380 Civrieux d\u2019Azergues tel 0478434567 Un cabinet tr\u00e8s bien \u00e9quip\u00e9 et tr\u00e8s accessible accueille vos animaux, parking garanti ! Salle d\u2019attente confortable, dispositifs permettant de placer les chats en hauteur pour plus de s\u00e9r\u00e9nit\u00e9 Espace accueil et nutrition (gammes Hill\u2019s, Purina, Royal Canin) Salle &hellip; <\/p>\n<p class=\"link-more\"><a href=\"https:\/\/veterinairechampagne.com\/?page_id=536\" class=\"more-link\">Continue reading<span class=\"screen-reader-text\"> &#8220;Civrieux d\u2019Azergues&#8221;<\/span><\/a><\/p>\n","protected":false},"author":1,"featured_media":0,"parent":0,"menu_order":0,"comment_status":"closed","ping_status":"closed","template":"","meta":[],"_links":{"self":[{"href":"https:\/\/veterinairechampagne.com\/index.php?rest_route=\/wp\/v2\/pages\/536"}],"collection":[{"href":"https:\/\/veterinairechampagne.com\/index.php?rest_route=\/wp\/v2\/pages"}],"about":[{"href":"https:\/\/veterinairechampagne.com\/index.php?rest_route=\/wp\/v2\/types\/page"}],"author":[{"embeddable":true,"href":"https:\/\/veterinairechampagne.com\/index.php?rest_route=\/wp\/v2\/users\/1"}],"replies":[{"embeddable":true,"href":"https:\/\/veterinairechampagne.com\/index.php?rest_route=%2Fwp%2Fv2%2Fcomments&post=536"}],"version-history":[{"count":1,"href":"https:\/\/veterinairechampagne.com\/index.php?rest_route=\/wp\/v2\/pages\/536\/revisions"}],"predecessor-version":[{"id":906,"href":"https:\/\/veterinairechampagne.com\/index.php?rest_route=\/wp\/v2\/pages\/536\/revisions\/906"}],"wp:attachment":[{"href":"https:\/\/veterinairechampagne.com\/index.php?rest_route=%2Fwp%2Fv2%2Fmedia&parent=536"}],"curies":[{"name":"wp","href":"https:\/\/api.w.org\/{rel}","templated":true}]}}