{"id":613,"date":"2020-03-07T13:50:24","date_gmt":"2020-03-07T12:50:24","guid":{"rendered":"http:\/\/flxbcli.cluster028.hosting.ovh.net\/?page_id=540"},"modified":"2023-05-11T10:20:55","modified_gmt":"2023-05-11T08:20:55","slug":"champagne-au-mont-dor","status":"publish","type":"page","link":"https:\/\/veterinairechampagne.com\/?page_id=613","title":{"rendered":"Champagne-au-Mont-d\u2019Or"},"content":{"rendered":"\n<h2 class=\"wp-block-heading\">Clinique V\u00e9t\u00e9rinaire des Monts d\u2019Or<\/h2>\n\n\n\n<h4 class=\"wp-block-heading\">3 rue Louis Juttet, 69410 Champagne-Au-Mont-d\u2019Or.<\/h4>\n\n\n\n<h4 class=\"wp-block-heading\">Tel: 0478354425<\/h4>\n\n\n\n<h2 class=\"wp-block-heading\">160m2 d\u2019\u00e9quipements et de services d\u00e9di\u00e9s aux soins de vos compagnons:<\/h2>\n\n\n\n<p>Une salle d\u2019attente spacieuse et paisible, avec un espace d\u00e9di\u00e9 aux chats.<\/p>\n\n\n\n<p>Un espace d\u2019accueil et de nutrition, vous y retrouverez les principales r\u00e9f\u00e9rences d\u2019aliments des gammes Hill\u2019s Vetessentiel, Prescription Diet, Purina PVD, Purina gamme physiologique), et autres marques sur commande.<\/p>\n\n\n\n<p>Trois salles de consultation vous accueillent, \u00e9quip\u00e9es de tables \u00e0 v\u00e9rin hydraulique, histoire de ne pas se faire mal au dos en portant les grands chiens&#8230;<\/p>\n\n\n\n<p>Une salle de radiographie \u00e0 d\u00e9veloppement num\u00e9rique.<\/p>\n\n\n\n<p>Une salle de chirurgie.<\/p>\n\n\n\n<p>Un chenil d\u2019hospitalisation chiens-chats-NACs afin de garder sous surveillance les animaux qui le n\u00e9cessitent. <\/p>\n\n\n\n<p>Une pharmacie afin de vous fournir imm\u00e9diatement les m\u00e9dicaments les plus utiles suivant les pathologies diagnostiqu\u00e9es.<\/p>\n\n\n\n<p>Un laboratoire d&#8217;analyses m\u00e9dicales r\u00e9cent et performant.<\/p>\n\n\n\n<p>Un \u00e9chographe num\u00e9rique mobile.<\/p>\n\n\n\n<ul class=\"tg_gallery_front row clearfix\"><li class=\"col-md-3 col-sm-6 col-6 p-0\">\n\t\t\t<a href=\"https:\/\/veterinairechampagne.com\/wp-content\/uploads\/2020\/02\/9957996F-B22C-40CF-96BD-26B1EAAB9143.jpeg\" rel=\"prettyPhoto[gallery_name]\" title=\"Salle d\u2019attente\"><img width=\"300\" height=\"225\" src=\"https:\/\/veterinairechampagne.com\/wp-content\/uploads\/2020\/02\/9957996F-B22C-40CF-96BD-26B1EAAB9143.jpeg\" class=\"attachment-gallery-image-medium size-gallery-image-medium\" alt=\"\" decoding=\"async\" loading=\"lazy\" srcset=\"https:\/\/veterinairechampagne.com\/wp-content\/uploads\/2020\/02\/9957996F-B22C-40CF-96BD-26B1EAAB9143.jpeg 1024w, https:\/\/veterinairechampagne.com\/wp-content\/uploads\/2020\/02\/9957996F-B22C-40CF-96BD-26B1EAAB9143-600x450.jpeg 600w, https:\/\/veterinairechampagne.com\/wp-content\/uploads\/2020\/02\/9957996F-B22C-40CF-96BD-26B1EAAB9143-300x225.jpeg 300w, https:\/\/veterinairechampagne.com\/wp-content\/uploads\/2020\/02\/9957996F-B22C-40CF-96BD-26B1EAAB9143-768x576.jpeg 768w\" sizes=\"(max-width: 300px) 100vw, 300px\" \/><div class=\"icon_overlay\"><i class=\"fas fa-plus\"><\/i><\/div><\/a>\n\t\t\t<\/li><li class=\"col-md-3 col-sm-6 col-6 p-0\">\n\t\t\t<a href=\"https:\/\/veterinairechampagne.com\/wp-content\/uploads\/2020\/02\/BE0469D2-02F0-49FE-A14C-8013F4FE8B86.jpeg\" rel=\"prettyPhoto[gallery_name]\" title=\"Laboratoire d\u2019analyses\"><img width=\"300\" height=\"225\" src=\"https:\/\/veterinairechampagne.com\/wp-content\/uploads\/2020\/02\/BE0469D2-02F0-49FE-A14C-8013F4FE8B86.jpeg\" class=\"attachment-gallery-image-medium size-gallery-image-medium\" alt=\"\" decoding=\"async\" loading=\"lazy\" srcset=\"https:\/\/veterinairechampagne.com\/wp-content\/uploads\/2020\/02\/BE0469D2-02F0-49FE-A14C-8013F4FE8B86.jpeg 1024w, https:\/\/veterinairechampagne.com\/wp-content\/uploads\/2020\/02\/BE0469D2-02F0-49FE-A14C-8013F4FE8B86-600x450.jpeg 600w, https:\/\/veterinairechampagne.com\/wp-content\/uploads\/2020\/02\/BE0469D2-02F0-49FE-A14C-8013F4FE8B86-300x225.jpeg 300w, https:\/\/veterinairechampagne.com\/wp-content\/uploads\/2020\/02\/BE0469D2-02F0-49FE-A14C-8013F4FE8B86-768x576.jpeg 768w\" sizes=\"(max-width: 300px) 100vw, 300px\" \/><div class=\"icon_overlay\"><i class=\"fas fa-plus\"><\/i><\/div><\/a>\n\t\t\t<\/li><li class=\"col-md-3 col-sm-6 col-6 p-0\">\n\t\t\t<a href=\"https:\/\/veterinairechampagne.com\/wp-content\/uploads\/2020\/02\/F44220DF-37CF-4177-BFF3-7C384B3818CE.jpeg\" rel=\"prettyPhoto[gallery_name]\" title=\"Consultation 1\"><img width=\"300\" height=\"225\" src=\"https:\/\/veterinairechampagne.com\/wp-content\/uploads\/2020\/02\/F44220DF-37CF-4177-BFF3-7C384B3818CE.jpeg\" class=\"attachment-gallery-image-medium size-gallery-image-medium\" alt=\"\" decoding=\"async\" loading=\"lazy\" srcset=\"https:\/\/veterinairechampagne.com\/wp-content\/uploads\/2020\/02\/F44220DF-37CF-4177-BFF3-7C384B3818CE.jpeg 1024w, https:\/\/veterinairechampagne.com\/wp-content\/uploads\/2020\/02\/F44220DF-37CF-4177-BFF3-7C384B3818CE-600x450.jpeg 600w, https:\/\/veterinairechampagne.com\/wp-content\/uploads\/2020\/02\/F44220DF-37CF-4177-BFF3-7C384B3818CE-300x225.jpeg 300w, https:\/\/veterinairechampagne.com\/wp-content\/uploads\/2020\/02\/F44220DF-37CF-4177-BFF3-7C384B3818CE-768x576.jpeg 768w\" sizes=\"(max-width: 300px) 100vw, 300px\" \/><div class=\"icon_overlay\"><i class=\"fas fa-plus\"><\/i><\/div><\/a>\n\t\t\t<\/li><li class=\"col-md-3 col-sm-6 col-6 p-0\">\n\t\t\t<a href=\"https:\/\/veterinairechampagne.com\/wp-content\/uploads\/2020\/02\/A954BCE1-0338-40ED-A3AF-C3B93C753CCE.jpeg\" rel=\"prettyPhoto[gallery_name]\" title=\"Salle de radiographie\"><img width=\"225\" height=\"300\" src=\"https:\/\/veterinairechampagne.com\/wp-content\/uploads\/2020\/02\/A954BCE1-0338-40ED-A3AF-C3B93C753CCE.jpeg\" class=\"attachment-gallery-image-medium size-gallery-image-medium\" alt=\"\" decoding=\"async\" loading=\"lazy\" srcset=\"https:\/\/veterinairechampagne.com\/wp-content\/uploads\/2020\/02\/A954BCE1-0338-40ED-A3AF-C3B93C753CCE.jpeg 768w, https:\/\/veterinairechampagne.com\/wp-content\/uploads\/2020\/02\/A954BCE1-0338-40ED-A3AF-C3B93C753CCE-600x800.jpeg 600w, https:\/\/veterinairechampagne.com\/wp-content\/uploads\/2020\/02\/A954BCE1-0338-40ED-A3AF-C3B93C753CCE-225x300.jpeg 225w\" sizes=\"(max-width: 225px) 100vw, 225px\" \/><div class=\"icon_overlay\"><i class=\"fas fa-plus\"><\/i><\/div><\/a>\n\t\t\t<\/li><li class=\"col-md-3 col-sm-6 col-6 p-0\">\n\t\t\t<a href=\"https:\/\/veterinairechampagne.com\/wp-content\/uploads\/2020\/02\/50E6B739-5D13-40B0-989B-26709F1DED2A-e1598029715339.jpeg\" rel=\"prettyPhoto[gallery_name]\" title=\"Clinique V\u00e9t\u00e9rinaire des Monts d\u2019Or\"><img width=\"300\" height=\"300\" src=\"https:\/\/veterinairechampagne.com\/wp-content\/uploads\/2020\/02\/50E6B739-5D13-40B0-989B-26709F1DED2A-e1598029715339-300x300.jpeg\" class=\"attachment-gallery-image-medium size-gallery-image-medium\" alt=\"\" decoding=\"async\" loading=\"lazy\" srcset=\"https:\/\/veterinairechampagne.com\/wp-content\/uploads\/2020\/02\/50E6B739-5D13-40B0-989B-26709F1DED2A-e1598029715339-300x300.jpeg 300w, https:\/\/veterinairechampagne.com\/wp-content\/uploads\/2020\/02\/50E6B739-5D13-40B0-989B-26709F1DED2A-e1598029715339-100x100.jpeg 100w, https:\/\/veterinairechampagne.com\/wp-content\/uploads\/2020\/02\/50E6B739-5D13-40B0-989B-26709F1DED2A-e1598029715339-150x150.jpeg 150w\" sizes=\"(max-width: 300px) 100vw, 300px\" \/><div class=\"icon_overlay\"><i class=\"fas fa-plus\"><\/i><\/div><\/a>\n\t\t\t<\/li><\/ul>\n","protected":false},"excerpt":{"rendered":"<p>Clinique V\u00e9t\u00e9rinaire des Monts d\u2019Or 3 rue Louis Juttet, 69410 Champagne-Au-Mont-d\u2019Or. Tel: 0478354425 160m2 d\u2019\u00e9quipements et de services d\u00e9di\u00e9s aux soins de vos compagnons: Une salle d\u2019attente spacieuse et paisible, avec un espace d\u00e9di\u00e9 aux chats. Un espace d\u2019accueil et de nutrition, vous y retrouverez les principales r\u00e9f\u00e9rences d\u2019aliments des gammes Hill\u2019s Vetessentiel, Prescription Diet, &hellip; <\/p>\n<p class=\"link-more\"><a href=\"https:\/\/veterinairechampagne.com\/?page_id=613\" class=\"more-link\">Continue reading<span class=\"screen-reader-text\"> &#8220;Champagne-au-Mont-d\u2019Or&#8221;<\/span><\/a><\/p>\n","protected":false},"author":1,"featured_media":0,"parent":0,"menu_order":0,"comment_status":"closed","ping_status":"closed","template":"","meta":[],"_links":{"self":[{"href":"https:\/\/veterinairechampagne.com\/index.php?rest_route=\/wp\/v2\/pages\/613"}],"collection":[{"href":"https:\/\/veterinairechampagne.com\/index.php?rest_route=\/wp\/v2\/pages"}],"about":[{"href":"https:\/\/veterinairechampagne.com\/index.php?rest_route=\/wp\/v2\/types\/page"}],"author":[{"embeddable":true,"href":"https:\/\/veterinairechampagne.com\/index.php?rest_route=\/wp\/v2\/users\/1"}],"replies":[{"embeddable":true,"href":"https:\/\/veterinairechampagne.com\/index.php?rest_route=%2Fwp%2Fv2%2Fcomments&post=613"}],"version-history":[{"count":3,"href":"https:\/\/veterinairechampagne.com\/index.php?rest_route=\/wp\/v2\/pages\/613\/revisions"}],"predecessor-version":[{"id":972,"href":"https:\/\/veterinairechampagne.com\/index.php?rest_route=\/wp\/v2\/pages\/613\/revisions\/972"}],"wp:attachment":[{"href":"https:\/\/veterinairechampagne.com\/index.php?rest_route=%2Fwp%2Fv2%2Fmedia&parent=613"}],"curies":[{"name":"wp","href":"https:\/\/api.w.org\/{rel}","templated":true}]}}