{"id":793,"date":"2020-08-18T10:23:05","date_gmt":"2020-08-18T08:23:05","guid":{"rendered":"http:\/\/veterinairechampagne.com\/?page_id=793"},"modified":"2020-08-18T10:23:05","modified_gmt":"2020-08-18T08:23:05","slug":"decouvrez-nos-patients","status":"publish","type":"page","link":"https:\/\/veterinairechampagne.com\/?page_id=793","title":{"rendered":"D\u00e9couvrez nos patients&#8230;"},"content":{"rendered":"\n<figure class=\"wp-block-gallery columns-3 is-cropped wp-block-gallery-1 is-layout-flex\"><ul class=\"blocks-gallery-grid\"><li class=\"blocks-gallery-item\"><figure><img decoding=\"async\" loading=\"lazy\" width=\"768\" height=\"1024\" src=\"http:\/\/veterinairechampagne.com\/wp-content\/uploads\/2020\/02\/44036126-AC66-47EF-B268-C148E54241F8.jpeg\" alt=\"Golden beauty\" data-id=\"316\" data-full-url=\"http:\/\/veterinairechampagne.com\/wp-content\/uploads\/2020\/02\/44036126-AC66-47EF-B268-C148E54241F8.jpeg\" data-link=\"http:\/\/veterinairechampagne.com\/44036126-ac66-47ef-b268-c148e54241f8\/\" class=\"wp-image-316\" srcset=\"https:\/\/veterinairechampagne.com\/wp-content\/uploads\/2020\/02\/44036126-AC66-47EF-B268-C148E54241F8.jpeg 768w, https:\/\/veterinairechampagne.com\/wp-content\/uploads\/2020\/02\/44036126-AC66-47EF-B268-C148E54241F8-600x800.jpeg 600w, https:\/\/veterinairechampagne.com\/wp-content\/uploads\/2020\/02\/44036126-AC66-47EF-B268-C148E54241F8-225x300.jpeg 225w\" sizes=\"(max-width: 768px) 100vw, 768px\" \/><\/figure><\/li><li class=\"blocks-gallery-item\"><figure><img decoding=\"async\" loading=\"lazy\" width=\"768\" height=\"1024\" src=\"http:\/\/veterinairechampagne.com\/wp-content\/uploads\/2020\/02\/05C2C348-D41F-4375-BE4A-F8F9D3A6F74A.jpeg\" alt=\"\" data-id=\"314\" data-full-url=\"http:\/\/veterinairechampagne.com\/wp-content\/uploads\/2020\/02\/05C2C348-D41F-4375-BE4A-F8F9D3A6F74A.jpeg\" data-link=\"http:\/\/veterinairechampagne.com\/05c2c348-d41f-4375-be4a-f8f9d3a6f74a\/\" class=\"wp-image-314\" srcset=\"https:\/\/veterinairechampagne.com\/wp-content\/uploads\/2020\/02\/05C2C348-D41F-4375-BE4A-F8F9D3A6F74A.jpeg 768w, https:\/\/veterinairechampagne.com\/wp-content\/uploads\/2020\/02\/05C2C348-D41F-4375-BE4A-F8F9D3A6F74A-600x800.jpeg 600w, https:\/\/veterinairechampagne.com\/wp-content\/uploads\/2020\/02\/05C2C348-D41F-4375-BE4A-F8F9D3A6F74A-225x300.jpeg 225w\" sizes=\"(max-width: 768px) 100vw, 768px\" \/><\/figure><\/li><li class=\"blocks-gallery-item\"><figure><img decoding=\"async\" loading=\"lazy\" width=\"768\" height=\"1024\" src=\"http:\/\/veterinairechampagne.com\/wp-content\/uploads\/2020\/02\/6D42F3BD-B685-43F4-9387-55E7B7261CE0.jpeg\" alt=\"\" data-id=\"310\" data-full-url=\"http:\/\/veterinairechampagne.com\/wp-content\/uploads\/2020\/02\/6D42F3BD-B685-43F4-9387-55E7B7261CE0.jpeg\" data-link=\"http:\/\/veterinairechampagne.com\/6d42f3bd-b685-43f4-9387-55e7b7261ce0\/\" class=\"wp-image-310\" srcset=\"https:\/\/veterinairechampagne.com\/wp-content\/uploads\/2020\/02\/6D42F3BD-B685-43F4-9387-55E7B7261CE0.jpeg 768w, https:\/\/veterinairechampagne.com\/wp-content\/uploads\/2020\/02\/6D42F3BD-B685-43F4-9387-55E7B7261CE0-600x800.jpeg 600w, https:\/\/veterinairechampagne.com\/wp-content\/uploads\/2020\/02\/6D42F3BD-B685-43F4-9387-55E7B7261CE0-225x300.jpeg 225w\" sizes=\"(max-width: 768px) 100vw, 768px\" \/><\/figure><\/li><li class=\"blocks-gallery-item\"><figure><img decoding=\"async\" loading=\"lazy\" width=\"768\" height=\"1024\" src=\"http:\/\/veterinairechampagne.com\/wp-content\/uploads\/2020\/02\/4CE410FF-D1C0-4405-BB95-79460116C2CD.jpeg\" alt=\"\" data-id=\"283\" data-full-url=\"http:\/\/veterinairechampagne.com\/wp-content\/uploads\/2020\/02\/4CE410FF-D1C0-4405-BB95-79460116C2CD.jpeg\" data-link=\"http:\/\/veterinairechampagne.com\/4ce410ff-d1c0-4405-bb95-79460116c2cd\/\" class=\"wp-image-283\" srcset=\"https:\/\/veterinairechampagne.com\/wp-content\/uploads\/2020\/02\/4CE410FF-D1C0-4405-BB95-79460116C2CD.jpeg 768w, https:\/\/veterinairechampagne.com\/wp-content\/uploads\/2020\/02\/4CE410FF-D1C0-4405-BB95-79460116C2CD-600x800.jpeg 600w, https:\/\/veterinairechampagne.com\/wp-content\/uploads\/2020\/02\/4CE410FF-D1C0-4405-BB95-79460116C2CD-225x300.jpeg 225w\" sizes=\"(max-width: 768px) 100vw, 768px\" \/><\/figure><\/li><li class=\"blocks-gallery-item\"><figure><img decoding=\"async\" loading=\"lazy\" width=\"1000\" height=\"750\" src=\"http:\/\/veterinairechampagne.com\/wp-content\/uploads\/2020\/02\/9FB26C2D-58EC-4298-8BA5-E61B89AD0284.jpeg\" alt=\"\" data-id=\"217\" data-full-url=\"http:\/\/veterinairechampagne.com\/wp-content\/uploads\/2020\/02\/9FB26C2D-58EC-4298-8BA5-E61B89AD0284.jpeg\" data-link=\"http:\/\/veterinairechampagne.com\/9fb26c2d-58ec-4298-8ba5-e61b89ad0284\/\" class=\"wp-image-217\" srcset=\"https:\/\/veterinairechampagne.com\/wp-content\/uploads\/2020\/02\/9FB26C2D-58EC-4298-8BA5-E61B89AD0284.jpeg 1000w, https:\/\/veterinairechampagne.com\/wp-content\/uploads\/2020\/02\/9FB26C2D-58EC-4298-8BA5-E61B89AD0284-600x450.jpeg 600w, https:\/\/veterinairechampagne.com\/wp-content\/uploads\/2020\/02\/9FB26C2D-58EC-4298-8BA5-E61B89AD0284-300x225.jpeg 300w, https:\/\/veterinairechampagne.com\/wp-content\/uploads\/2020\/02\/9FB26C2D-58EC-4298-8BA5-E61B89AD0284-768x576.jpeg 768w\" sizes=\"(max-width: 1000px) 100vw, 1000px\" \/><\/figure><\/li><\/ul><figcaption class=\"blocks-gallery-caption\">D\u00e8s chiens tr\u00e8s fid\u00e8les !<\/figcaption><\/figure>\n\n\n\n<figure class=\"wp-block-gallery columns-3 is-cropped wp-block-gallery-3 is-layout-flex\"><ul class=\"blocks-gallery-grid\"><li class=\"blocks-gallery-item\"><figure><img decoding=\"async\" loading=\"lazy\" width=\"1024\" height=\"608\" src=\"http:\/\/veterinairechampagne.com\/wp-content\/uploads\/2020\/08\/8FAB6D35-2608-4FD3-AD7F-9142B3DD86D3-1024x608.jpeg\" alt=\"\" data-id=\"794\" data-full-url=\"http:\/\/veterinairechampagne.com\/wp-content\/uploads\/2020\/08\/8FAB6D35-2608-4FD3-AD7F-9142B3DD86D3.jpeg\" data-link=\"http:\/\/veterinairechampagne.com\/?attachment_id=794\" class=\"wp-image-794\" srcset=\"https:\/\/veterinairechampagne.com\/wp-content\/uploads\/2020\/08\/8FAB6D35-2608-4FD3-AD7F-9142B3DD86D3-1024x608.jpeg 1024w, https:\/\/veterinairechampagne.com\/wp-content\/uploads\/2020\/08\/8FAB6D35-2608-4FD3-AD7F-9142B3DD86D3-300x178.jpeg 300w, https:\/\/veterinairechampagne.com\/wp-content\/uploads\/2020\/08\/8FAB6D35-2608-4FD3-AD7F-9142B3DD86D3-768x456.jpeg 768w, https:\/\/veterinairechampagne.com\/wp-content\/uploads\/2020\/08\/8FAB6D35-2608-4FD3-AD7F-9142B3DD86D3-1536x912.jpeg 1536w, https:\/\/veterinairechampagne.com\/wp-content\/uploads\/2020\/08\/8FAB6D35-2608-4FD3-AD7F-9142B3DD86D3-600x356.jpeg 600w, https:\/\/veterinairechampagne.com\/wp-content\/uploads\/2020\/08\/8FAB6D35-2608-4FD3-AD7F-9142B3DD86D3.jpeg 2048w\" sizes=\"(max-width: 1024px) 100vw, 1024px\" \/><\/figure><\/li><li class=\"blocks-gallery-item\"><figure><img decoding=\"async\" loading=\"lazy\" width=\"1000\" height=\"750\" src=\"http:\/\/veterinairechampagne.com\/wp-content\/uploads\/2020\/08\/AB320BBB-32D0-4E74-9BDD-FF276A2E71BF.jpeg\" alt=\"\" data-id=\"795\" data-full-url=\"http:\/\/veterinairechampagne.com\/wp-content\/uploads\/2020\/08\/AB320BBB-32D0-4E74-9BDD-FF276A2E71BF.jpeg\" data-link=\"http:\/\/veterinairechampagne.com\/?attachment_id=795\" class=\"wp-image-795\" srcset=\"https:\/\/veterinairechampagne.com\/wp-content\/uploads\/2020\/08\/AB320BBB-32D0-4E74-9BDD-FF276A2E71BF.jpeg 1000w, https:\/\/veterinairechampagne.com\/wp-content\/uploads\/2020\/08\/AB320BBB-32D0-4E74-9BDD-FF276A2E71BF-300x225.jpeg 300w, https:\/\/veterinairechampagne.com\/wp-content\/uploads\/2020\/08\/AB320BBB-32D0-4E74-9BDD-FF276A2E71BF-768x576.jpeg 768w, https:\/\/veterinairechampagne.com\/wp-content\/uploads\/2020\/08\/AB320BBB-32D0-4E74-9BDD-FF276A2E71BF-600x450.jpeg 600w\" sizes=\"(max-width: 1000px) 100vw, 1000px\" \/><\/figure><\/li><li class=\"blocks-gallery-item\"><figure><img decoding=\"async\" loading=\"lazy\" width=\"1024\" height=\"768\" src=\"http:\/\/veterinairechampagne.com\/wp-content\/uploads\/2020\/08\/6608E73A-BD43-43D1-8DA6-0B7726DD7A62-1024x768.jpeg\" alt=\"\" data-id=\"796\" data-full-url=\"http:\/\/veterinairechampagne.com\/wp-content\/uploads\/2020\/08\/6608E73A-BD43-43D1-8DA6-0B7726DD7A62-scaled.jpeg\" data-link=\"http:\/\/veterinairechampagne.com\/?attachment_id=796\" class=\"wp-image-796\" srcset=\"https:\/\/veterinairechampagne.com\/wp-content\/uploads\/2020\/08\/6608E73A-BD43-43D1-8DA6-0B7726DD7A62-1024x768.jpeg 1024w, https:\/\/veterinairechampagne.com\/wp-content\/uploads\/2020\/08\/6608E73A-BD43-43D1-8DA6-0B7726DD7A62-300x225.jpeg 300w, https:\/\/veterinairechampagne.com\/wp-content\/uploads\/2020\/08\/6608E73A-BD43-43D1-8DA6-0B7726DD7A62-768x576.jpeg 768w, https:\/\/veterinairechampagne.com\/wp-content\/uploads\/2020\/08\/6608E73A-BD43-43D1-8DA6-0B7726DD7A62-1536x1152.jpeg 1536w, https:\/\/veterinairechampagne.com\/wp-content\/uploads\/2020\/08\/6608E73A-BD43-43D1-8DA6-0B7726DD7A62-2048x1536.jpeg 2048w, https:\/\/veterinairechampagne.com\/wp-content\/uploads\/2020\/08\/6608E73A-BD43-43D1-8DA6-0B7726DD7A62-600x450.jpeg 600w\" sizes=\"(max-width: 1024px) 100vw, 1024px\" \/><\/figure><\/li><li class=\"blocks-gallery-item\"><figure><img decoding=\"async\" loading=\"lazy\" width=\"750\" height=\"1000\" src=\"http:\/\/veterinairechampagne.com\/wp-content\/uploads\/2020\/08\/7CA65307-76E3-4C92-AEEA-BF3B492F7414.jpeg\" alt=\"\" data-id=\"797\" data-full-url=\"http:\/\/veterinairechampagne.com\/wp-content\/uploads\/2020\/08\/7CA65307-76E3-4C92-AEEA-BF3B492F7414.jpeg\" data-link=\"http:\/\/veterinairechampagne.com\/?attachment_id=797\" class=\"wp-image-797\" srcset=\"https:\/\/veterinairechampagne.com\/wp-content\/uploads\/2020\/08\/7CA65307-76E3-4C92-AEEA-BF3B492F7414.jpeg 750w, https:\/\/veterinairechampagne.com\/wp-content\/uploads\/2020\/08\/7CA65307-76E3-4C92-AEEA-BF3B492F7414-225x300.jpeg 225w, https:\/\/veterinairechampagne.com\/wp-content\/uploads\/2020\/08\/7CA65307-76E3-4C92-AEEA-BF3B492F7414-600x800.jpeg 600w\" sizes=\"(max-width: 750px) 100vw, 750px\" \/><\/figure><\/li><li class=\"blocks-gallery-item\"><figure><img decoding=\"async\" loading=\"lazy\" width=\"1024\" height=\"768\" src=\"http:\/\/veterinairechampagne.com\/wp-content\/uploads\/2020\/08\/92BAB671-6E02-4C95-9674-2D2921E7083F-1024x768.jpeg\" alt=\"\" data-id=\"798\" data-full-url=\"http:\/\/veterinairechampagne.com\/wp-content\/uploads\/2020\/08\/92BAB671-6E02-4C95-9674-2D2921E7083F-scaled.jpeg\" data-link=\"http:\/\/veterinairechampagne.com\/?attachment_id=798\" class=\"wp-image-798\" srcset=\"https:\/\/veterinairechampagne.com\/wp-content\/uploads\/2020\/08\/92BAB671-6E02-4C95-9674-2D2921E7083F-1024x768.jpeg 1024w, https:\/\/veterinairechampagne.com\/wp-content\/uploads\/2020\/08\/92BAB671-6E02-4C95-9674-2D2921E7083F-300x225.jpeg 300w, https:\/\/veterinairechampagne.com\/wp-content\/uploads\/2020\/08\/92BAB671-6E02-4C95-9674-2D2921E7083F-768x576.jpeg 768w, https:\/\/veterinairechampagne.com\/wp-content\/uploads\/2020\/08\/92BAB671-6E02-4C95-9674-2D2921E7083F-1536x1152.jpeg 1536w, https:\/\/veterinairechampagne.com\/wp-content\/uploads\/2020\/08\/92BAB671-6E02-4C95-9674-2D2921E7083F-2048x1536.jpeg 2048w, https:\/\/veterinairechampagne.com\/wp-content\/uploads\/2020\/08\/92BAB671-6E02-4C95-9674-2D2921E7083F-600x450.jpeg 600w\" sizes=\"(max-width: 1024px) 100vw, 1024px\" \/><\/figure><\/li><li class=\"blocks-gallery-item\"><figure><img decoding=\"async\" loading=\"lazy\" width=\"1024\" height=\"768\" src=\"http:\/\/veterinairechampagne.com\/wp-content\/uploads\/2020\/08\/FBD1197D-1256-43FB-9190-9E7F85161E42-1024x768.jpeg\" alt=\"\" data-id=\"799\" data-full-url=\"http:\/\/veterinairechampagne.com\/wp-content\/uploads\/2020\/08\/FBD1197D-1256-43FB-9190-9E7F85161E42-scaled.jpeg\" data-link=\"http:\/\/veterinairechampagne.com\/?attachment_id=799\" class=\"wp-image-799\" srcset=\"https:\/\/veterinairechampagne.com\/wp-content\/uploads\/2020\/08\/FBD1197D-1256-43FB-9190-9E7F85161E42-1024x768.jpeg 1024w, https:\/\/veterinairechampagne.com\/wp-content\/uploads\/2020\/08\/FBD1197D-1256-43FB-9190-9E7F85161E42-300x225.jpeg 300w, https:\/\/veterinairechampagne.com\/wp-content\/uploads\/2020\/08\/FBD1197D-1256-43FB-9190-9E7F85161E42-768x576.jpeg 768w, https:\/\/veterinairechampagne.com\/wp-content\/uploads\/2020\/08\/FBD1197D-1256-43FB-9190-9E7F85161E42-1536x1152.jpeg 1536w, https:\/\/veterinairechampagne.com\/wp-content\/uploads\/2020\/08\/FBD1197D-1256-43FB-9190-9E7F85161E42-2048x1536.jpeg 2048w, https:\/\/veterinairechampagne.com\/wp-content\/uploads\/2020\/08\/FBD1197D-1256-43FB-9190-9E7F85161E42-600x450.jpeg 600w\" sizes=\"(max-width: 1024px) 100vw, 1024px\" \/><\/figure><\/li><li class=\"blocks-gallery-item\"><figure><img decoding=\"async\" loading=\"lazy\" width=\"1024\" height=\"768\" src=\"http:\/\/veterinairechampagne.com\/wp-content\/uploads\/2020\/08\/E38A788D-FC76-4000-A2CA-05F1C6B2DAA9-1024x768.jpeg\" alt=\"\" data-id=\"800\" data-full-url=\"http:\/\/veterinairechampagne.com\/wp-content\/uploads\/2020\/08\/E38A788D-FC76-4000-A2CA-05F1C6B2DAA9-scaled.jpeg\" data-link=\"http:\/\/veterinairechampagne.com\/?attachment_id=800\" class=\"wp-image-800\" srcset=\"https:\/\/veterinairechampagne.com\/wp-content\/uploads\/2020\/08\/E38A788D-FC76-4000-A2CA-05F1C6B2DAA9-1024x768.jpeg 1024w, https:\/\/veterinairechampagne.com\/wp-content\/uploads\/2020\/08\/E38A788D-FC76-4000-A2CA-05F1C6B2DAA9-300x225.jpeg 300w, https:\/\/veterinairechampagne.com\/wp-content\/uploads\/2020\/08\/E38A788D-FC76-4000-A2CA-05F1C6B2DAA9-768x576.jpeg 768w, https:\/\/veterinairechampagne.com\/wp-content\/uploads\/2020\/08\/E38A788D-FC76-4000-A2CA-05F1C6B2DAA9-1536x1152.jpeg 1536w, https:\/\/veterinairechampagne.com\/wp-content\/uploads\/2020\/08\/E38A788D-FC76-4000-A2CA-05F1C6B2DAA9-2048x1536.jpeg 2048w, https:\/\/veterinairechampagne.com\/wp-content\/uploads\/2020\/08\/E38A788D-FC76-4000-A2CA-05F1C6B2DAA9-600x450.jpeg 600w\" sizes=\"(max-width: 1024px) 100vw, 1024px\" \/><\/figure><\/li><li class=\"blocks-gallery-item\"><figure><img decoding=\"async\" loading=\"lazy\" width=\"1000\" height=\"750\" src=\"http:\/\/veterinairechampagne.com\/wp-content\/uploads\/2020\/08\/CDBE5EF2-F4DC-4E9D-9F44-A0A27A7A88BB.jpeg\" alt=\"\" data-id=\"801\" data-full-url=\"http:\/\/veterinairechampagne.com\/wp-content\/uploads\/2020\/08\/CDBE5EF2-F4DC-4E9D-9F44-A0A27A7A88BB.jpeg\" data-link=\"http:\/\/veterinairechampagne.com\/?attachment_id=801\" class=\"wp-image-801\" srcset=\"https:\/\/veterinairechampagne.com\/wp-content\/uploads\/2020\/08\/CDBE5EF2-F4DC-4E9D-9F44-A0A27A7A88BB.jpeg 1000w, https:\/\/veterinairechampagne.com\/wp-content\/uploads\/2020\/08\/CDBE5EF2-F4DC-4E9D-9F44-A0A27A7A88BB-300x225.jpeg 300w, https:\/\/veterinairechampagne.com\/wp-content\/uploads\/2020\/08\/CDBE5EF2-F4DC-4E9D-9F44-A0A27A7A88BB-768x576.jpeg 768w, https:\/\/veterinairechampagne.com\/wp-content\/uploads\/2020\/08\/CDBE5EF2-F4DC-4E9D-9F44-A0A27A7A88BB-600x450.jpeg 600w\" sizes=\"(max-width: 1000px) 100vw, 1000px\" \/><\/figure><\/li><\/ul><figcaption class=\"blocks-gallery-caption\">Les reptiles<\/figcaption><\/figure>\n\n\n\n<figure class=\"wp-block-gallery columns-2 is-cropped wp-block-gallery-5 is-layout-flex\"><ul class=\"blocks-gallery-grid\"><li class=\"blocks-gallery-item\"><figure><img decoding=\"async\" src=\"http:\/\/veterinairechampagne.com\/wp-content\/uploads\/2020\/03\/FC3E332C-3DBB-4D30-86FE-49473C5AC3D7.jpeg\" alt=\"\" data-id=\"568\" data-full-url=\"http:\/\/veterinairechampagne.com\/wp-content\/uploads\/2020\/03\/FC3E332C-3DBB-4D30-86FE-49473C5AC3D7.jpeg\" data-link=\"http:\/\/veterinairechampagne.com\/fc3e332c-3dbb-4d30-86fe-49473c5ac3d7\/\" class=\"wp-image-568\"\/><figcaption class=\"blocks-gallery-item__caption\">Psittacid\u00e9s<\/figcaption><\/figure><\/li><li class=\"blocks-gallery-item\"><figure><img decoding=\"async\" loading=\"lazy\" width=\"1024\" height=\"768\" src=\"http:\/\/veterinairechampagne.com\/wp-content\/uploads\/2020\/02\/FD570717-7449-4006-9F6B-5AC1C69751F0.jpeg\" alt=\"\" data-id=\"327\" data-full-url=\"http:\/\/veterinairechampagne.com\/wp-content\/uploads\/2020\/02\/FD570717-7449-4006-9F6B-5AC1C69751F0.jpeg\" data-link=\"http:\/\/veterinairechampagne.com\/fd570717-7449-4006-9f6b-5ac1c69751f0\/\" class=\"wp-image-327\" srcset=\"https:\/\/veterinairechampagne.com\/wp-content\/uploads\/2020\/02\/FD570717-7449-4006-9F6B-5AC1C69751F0.jpeg 1024w, https:\/\/veterinairechampagne.com\/wp-content\/uploads\/2020\/02\/FD570717-7449-4006-9F6B-5AC1C69751F0-600x450.jpeg 600w, https:\/\/veterinairechampagne.com\/wp-content\/uploads\/2020\/02\/FD570717-7449-4006-9F6B-5AC1C69751F0-300x225.jpeg 300w, https:\/\/veterinairechampagne.com\/wp-content\/uploads\/2020\/02\/FD570717-7449-4006-9F6B-5AC1C69751F0-768x576.jpeg 768w\" sizes=\"(max-width: 1024px) 100vw, 1024px\" \/><\/figure><\/li><\/ul><figcaption class=\"blocks-gallery-caption\">Les oiseaux<\/figcaption><\/figure>\n","protected":false},"excerpt":{"rendered":"","protected":false},"author":1,"featured_media":0,"parent":0,"menu_order":0,"comment_status":"closed","ping_status":"closed","template":"","meta":[],"_links":{"self":[{"href":"https:\/\/veterinairechampagne.com\/index.php?rest_route=\/wp\/v2\/pages\/793"}],"collection":[{"href":"https:\/\/veterinairechampagne.com\/index.php?rest_route=\/wp\/v2\/pages"}],"about":[{"href":"https:\/\/veterinairechampagne.com\/index.php?rest_route=\/wp\/v2\/types\/page"}],"author":[{"embeddable":true,"href":"https:\/\/veterinairechampagne.com\/index.php?rest_route=\/wp\/v2\/users\/1"}],"replies":[{"embeddable":true,"href":"https:\/\/veterinairechampagne.com\/index.php?rest_route=%2Fwp%2Fv2%2Fcomments&post=793"}],"version-history":[{"count":1,"href":"https:\/\/veterinairechampagne.com\/index.php?rest_route=\/wp\/v2\/pages\/793\/revisions"}],"predecessor-version":[{"id":804,"href":"https:\/\/veterinairechampagne.com\/index.php?rest_route=\/wp\/v2\/pages\/793\/revisions\/804"}],"wp:attachment":[{"href":"https:\/\/veterinairechampagne.com\/index.php?rest_route=%2Fwp%2Fv2%2Fmedia&parent=793"}],"curies":[{"name":"wp","href":"https:\/\/api.w.org\/{rel}","templated":true}]}}